{"id":1404,"date":"2024-11-05T21:42:22","date_gmt":"2024-11-05T20:42:22","guid":{"rendered":"https:\/\/www.juhaszestarsa.hu\/?post_type=product&#038;p=1404"},"modified":"2024-11-06T15:21:04","modified_gmt":"2024-11-06T14:21:04","slug":"peremes-lada-alatettel","status":"publish","type":"product","link":"https:\/\/www.juhaszestarsa.hu\/?product=peremes-lada-alatettel","title":{"rendered":"Peremes l\u00e1da al\u00e1t\u00e9ttel"},"content":{"rendered":"<p>Peremes l\u00e1d\u00e1ink kiv\u00e1l\u00f3 min\u0151s\u00e9g\u0171 polipropil\u00e9n anyagb\u00f3l k\u00e9sz\u00fclnek. V\u00e1lassz kedvedre a sz\u00ednek k\u00f6z\u00fcl: terrakotta, z\u00f6ld, antracit, feh\u00e9r. A Peremes l\u00e1d\u00e1k al\u00e1t\u00e9ttel kaphat\u00f3ak 40cm, 60cm \u00e9s 80cm m\u00e9retekben.<\/p>\n<ul>\n<li>Forgalmazott term\u00e9k<\/li>\n<li>Anyag: Polipropil\u00e9n<\/li>\n<\/ul>\n","protected":false},"excerpt":{"rendered":"<p>Peremes l\u00e1d\u00e1ink kiv\u00e1l\u00f3 min\u0151s\u00e9g\u0171 polipropil\u00e9n anyagb\u00f3l k\u00e9sz\u00fclnek. V\u00e1lassz kedvedre a sz\u00ednek k\u00f6z\u00fcl: terrakotta, z\u00f6ld, antracit, feh\u00e9r. A Peremes l\u00e1d\u00e1k al\u00e1t\u00e9ttel kaphat\u00f3ak 40cm, 60cm \u00e9s 80cm m\u00e9retekben. Forgalmazott term\u00e9k Anyag: Polipropil\u00e9n<\/p>\n","protected":false},"featured_media":1419,"comment_status":"closed","ping_status":"closed","template":"","meta":[],"product_cat":[27,24],"product_tag":[],"class_list":{"0":"post-1404","1":"product","2":"type-product","3":"status-publish","4":"has-post-thumbnail","6":"product_cat-termekek","7":"product_cat-balkonladak","9":"first","10":"instock","11":"shipping-taxable","12":"product-type-variable"},"jetpack_sharing_enabled":true,"_links":{"self":[{"href":"https:\/\/www.juhaszestarsa.hu\/index.php?rest_route=\/wp\/v2\/product\/1404","targetHints":{"allow":["GET"]}}],"collection":[{"href":"https:\/\/www.juhaszestarsa.hu\/index.php?rest_route=\/wp\/v2\/product"}],"about":[{"href":"https:\/\/www.juhaszestarsa.hu\/index.php?rest_route=\/wp\/v2\/types\/product"}],"replies":[{"embeddable":true,"href":"https:\/\/www.juhaszestarsa.hu\/index.php?rest_route=%2Fwp%2Fv2%2Fcomments&post=1404"}],"version-history":[{"count":1,"href":"https:\/\/www.juhaszestarsa.hu\/index.php?rest_route=\/wp\/v2\/product\/1404\/revisions"}],"predecessor-version":[{"id":1429,"href":"https:\/\/www.juhaszestarsa.hu\/index.php?rest_route=\/wp\/v2\/product\/1404\/revisions\/1429"}],"wp:featuredmedia":[{"embeddable":true,"href":"https:\/\/www.juhaszestarsa.hu\/index.php?rest_route=\/wp\/v2\/media\/1419"}],"wp:attachment":[{"href":"https:\/\/www.juhaszestarsa.hu\/index.php?rest_route=%2Fwp%2Fv2%2Fmedia&parent=1404"}],"wp:term":[{"taxonomy":"product_cat","embeddable":true,"href":"https:\/\/www.juhaszestarsa.hu\/index.php?rest_route=%2Fwp%2Fv2%2Fproduct_cat&post=1404"},{"taxonomy":"product_tag","embeddable":true,"href":"https:\/\/www.juhaszestarsa.hu\/index.php?rest_route=%2Fwp%2Fv2%2Fproduct_tag&post=1404"}],"curies":[{"name":"wp","href":"https:\/\/api.w.org\/{rel}","templated":true}]}}