{"id":1448,"date":"2024-11-06T13:12:53","date_gmt":"2024-11-06T12:12:53","guid":{"rendered":"https:\/\/www.juhaszestarsa.hu\/?post_type=product&#038;p=1448"},"modified":"2024-11-06T15:12:25","modified_gmt":"2024-11-06T14:12:25","slug":"balkonlada","status":"publish","type":"product","link":"https:\/\/www.juhaszestarsa.hu\/?product=balkonlada","title":{"rendered":"Balkonl\u00e1da"},"content":{"rendered":"<p>Balkonl\u00e1d\u00e1ink kiv\u00e1l\u00f3 min\u0151s\u00e9g\u0171 polipropil\u00e9n anyagb\u00f3l k\u00e9sz\u00fclnek. V\u00e1lassz kedvedre a sz\u00ednek k\u00f6z\u00fcl: terrakotta, feh\u00e9r, barna, z\u00f6ld, antracit. Ide\u00e1lis m\u00e9ret\u00fck 42x15x11cm lehet\u0151v\u00e9 teszi, hogy vir\u00e1gaid vagy z\u00f6lds\u00e9geid k\u00f6nnyen megf\u00e9rjenek benn\u00fck.<\/p>\n<ul>\n<li>Saj\u00e1t gy\u00e1rt\u00e1s\u00fa term\u00e9k<\/li>\n<li>Anyag: Polipropil\u00e9n<\/li>\n<\/ul>\n","protected":false},"excerpt":{"rendered":"<p>Balkonl\u00e1d\u00e1ink kiv\u00e1l\u00f3 min\u0151s\u00e9g\u0171 polipropil\u00e9n anyagb\u00f3l k\u00e9sz\u00fclnek. V\u00e1lassz kedvedre a sz\u00ednek k\u00f6z\u00fcl: terrakotta, feh\u00e9r, barna, z\u00f6ld, antracit. Ide\u00e1lis m\u00e9ret\u00fck 42x15x11cm lehet\u0151v\u00e9 teszi, hogy vir\u00e1gaid vagy z\u00f6lds\u00e9geid k\u00f6nnyen megf\u00e9rjenek benn\u00fck. Saj\u00e1t gy\u00e1rt\u00e1s\u00fa term\u00e9k Anyag: Polipropil\u00e9n<\/p>\n","protected":false},"featured_media":1457,"comment_status":"closed","ping_status":"closed","template":"","meta":[],"product_cat":[23,24],"product_tag":[],"class_list":{"0":"post-1448","1":"product","2":"type-product","3":"status-publish","4":"has-post-thumbnail","6":"product_cat-egyeb","7":"product_cat-balkonladak","9":"first","10":"instock","11":"shipping-taxable","12":"product-type-variable","13":"has-default-attributes"},"jetpack_sharing_enabled":true,"_links":{"self":[{"href":"https:\/\/www.juhaszestarsa.hu\/index.php?rest_route=\/wp\/v2\/product\/1448","targetHints":{"allow":["GET"]}}],"collection":[{"href":"https:\/\/www.juhaszestarsa.hu\/index.php?rest_route=\/wp\/v2\/product"}],"about":[{"href":"https:\/\/www.juhaszestarsa.hu\/index.php?rest_route=\/wp\/v2\/types\/product"}],"replies":[{"embeddable":true,"href":"https:\/\/www.juhaszestarsa.hu\/index.php?rest_route=%2Fwp%2Fv2%2Fcomments&post=1448"}],"version-history":[{"count":1,"href":"https:\/\/www.juhaszestarsa.hu\/index.php?rest_route=\/wp\/v2\/product\/1448\/revisions"}],"predecessor-version":[{"id":1459,"href":"https:\/\/www.juhaszestarsa.hu\/index.php?rest_route=\/wp\/v2\/product\/1448\/revisions\/1459"}],"wp:featuredmedia":[{"embeddable":true,"href":"https:\/\/www.juhaszestarsa.hu\/index.php?rest_route=\/wp\/v2\/media\/1457"}],"wp:attachment":[{"href":"https:\/\/www.juhaszestarsa.hu\/index.php?rest_route=%2Fwp%2Fv2%2Fmedia&parent=1448"}],"wp:term":[{"taxonomy":"product_cat","embeddable":true,"href":"https:\/\/www.juhaszestarsa.hu\/index.php?rest_route=%2Fwp%2Fv2%2Fproduct_cat&post=1448"},{"taxonomy":"product_tag","embeddable":true,"href":"https:\/\/www.juhaszestarsa.hu\/index.php?rest_route=%2Fwp%2Fv2%2Fproduct_tag&post=1448"}],"curies":[{"name":"wp","href":"https:\/\/api.w.org\/{rel}","templated":true}]}}