{"id":1796,"date":"2024-11-08T20:00:15","date_gmt":"2024-11-08T19:00:15","guid":{"rendered":"https:\/\/www.juhaszestarsa.hu\/?post_type=product&#038;p=1796"},"modified":"2024-11-08T20:01:11","modified_gmt":"2024-11-08T19:01:11","slug":"fali-cserep","status":"publish","type":"product","link":"https:\/\/www.juhaszestarsa.hu\/?product=fali-cserep","title":{"rendered":"Fali cser\u00e9p"},"content":{"rendered":"<p>A Fali cser\u00e9p praktikus \u00e9s eszt\u00e9tikus megold\u00e1st ny\u00fajtanak a kertek, teraszok vagy balkonok d\u00edsz\u00edt\u00e9s\u00e9re. Kiv\u00e1l\u00f3 min\u0151s\u00e9g\u0171 polipropil\u00e9n anyagb\u00f3l k\u00e9sz\u00fclnek, ami id\u0151j\u00e1r\u00e1s\u00e1ll\u00f3 \u00e9s tart\u00f3s. Ezek a Forgalmazott term\u00e9k k\u00fcl\u00f6nf\u00e9le m\u00e9retekben \u00e9s st\u00edlusokban el\u00e9rhet\u0151k, hogy mindenki megtal\u00e1lja az ig\u00e9nyeinek megfelel\u0151t.<\/p>\n<ul>\n<li>Forgalmazott term\u00e9k<\/li>\n<li>Anyag: Polipropil\u00e9n<\/li>\n<\/ul>\n","protected":false},"excerpt":{"rendered":"<p>A Fali cser\u00e9p praktikus \u00e9s eszt\u00e9tikus megold\u00e1st ny\u00fajtanak a kertek, teraszok vagy balkonok d\u00edsz\u00edt\u00e9s\u00e9re. Kiv\u00e1l\u00f3 min\u0151s\u00e9g\u0171 polipropil\u00e9n anyagb\u00f3l k\u00e9sz\u00fclnek, ami id\u0151j\u00e1r\u00e1s\u00e1ll\u00f3 \u00e9s tart\u00f3s. Ezek a Forgalmazott term\u00e9k k\u00fcl\u00f6nf\u00e9le m\u00e9retekben \u00e9s st\u00edlusokban el\u00e9rhet\u0151k, hogy mindenki megtal\u00e1lja az ig\u00e9nyeinek megfelel\u0151t. Forgalmazott term\u00e9k Anyag: Polipropil\u00e9n<\/p>\n","protected":false},"featured_media":1802,"comment_status":"closed","ping_status":"closed","template":"","meta":[],"product_cat":[27,41],"product_tag":[],"class_list":{"0":"post-1796","1":"product","2":"type-product","3":"status-publish","4":"has-post-thumbnail","6":"product_cat-termekek","7":"product_cat-akasztoscserepek","9":"first","10":"instock","11":"shipping-taxable","12":"product-type-variable","13":"has-default-attributes"},"jetpack_sharing_enabled":true,"_links":{"self":[{"href":"https:\/\/www.juhaszestarsa.hu\/index.php?rest_route=\/wp\/v2\/product\/1796","targetHints":{"allow":["GET"]}}],"collection":[{"href":"https:\/\/www.juhaszestarsa.hu\/index.php?rest_route=\/wp\/v2\/product"}],"about":[{"href":"https:\/\/www.juhaszestarsa.hu\/index.php?rest_route=\/wp\/v2\/types\/product"}],"replies":[{"embeddable":true,"href":"https:\/\/www.juhaszestarsa.hu\/index.php?rest_route=%2Fwp%2Fv2%2Fcomments&post=1796"}],"version-history":[{"count":1,"href":"https:\/\/www.juhaszestarsa.hu\/index.php?rest_route=\/wp\/v2\/product\/1796\/revisions"}],"predecessor-version":[{"id":1803,"href":"https:\/\/www.juhaszestarsa.hu\/index.php?rest_route=\/wp\/v2\/product\/1796\/revisions\/1803"}],"wp:featuredmedia":[{"embeddable":true,"href":"https:\/\/www.juhaszestarsa.hu\/index.php?rest_route=\/wp\/v2\/media\/1802"}],"wp:attachment":[{"href":"https:\/\/www.juhaszestarsa.hu\/index.php?rest_route=%2Fwp%2Fv2%2Fmedia&parent=1796"}],"wp:term":[{"taxonomy":"product_cat","embeddable":true,"href":"https:\/\/www.juhaszestarsa.hu\/index.php?rest_route=%2Fwp%2Fv2%2Fproduct_cat&post=1796"},{"taxonomy":"product_tag","embeddable":true,"href":"https:\/\/www.juhaszestarsa.hu\/index.php?rest_route=%2Fwp%2Fv2%2Fproduct_tag&post=1796"}],"curies":[{"name":"wp","href":"https:\/\/api.w.org\/{rel}","templated":true}]}}