{"id":1834,"date":"2024-11-11T19:18:36","date_gmt":"2024-11-11T18:18:36","guid":{"rendered":"https:\/\/www.juhaszestarsa.hu\/?post_type=product&#038;p=1834"},"modified":"2024-11-11T19:24:52","modified_gmt":"2024-11-11T18:24:52","slug":"polka-viraglada","status":"publish","type":"product","link":"https:\/\/www.juhaszestarsa.hu\/?product=polka-viraglada","title":{"rendered":"Polka vir\u00e1gl\u00e1da"},"content":{"rendered":"<p>A\u00a0<strong>Polka vir\u00e1gl\u00e1da<\/strong> kiv\u00e1l\u00f3 min\u0151s\u00e9g\u0171 polipropil\u00e9n anyagb\u00f3l k\u00e9sz\u00fcl, amely tart\u00f3ss\u00e1got \u00e9s eszt\u00e9tikus megjelen\u00e9st biztos\u00edt, t\u00f6bbf\u00e9le m\u00e9retben \u00e9s sz\u00ednben el\u00e9rhet\u0151, \u00edgy ide\u00e1lis v\u00e1laszt\u00e1s temetkez\u00e9si, kert\u00e9szeti \u00e9s dekor\u00e1ci\u00f3s c\u00e9lokra, mivel k\u00f6nny\u0171 \u00e9s praktikus kialak\u00edt\u00e1sa lehet\u0151v\u00e9 teszi az egyszer\u0171 elhelyez\u00e9st \u00e9s haszn\u00e1latot.<\/p>\n<ul>\n<li>Forgalmazott term\u00e9k<\/li>\n<li>Anyag: Polipropil\u00e9n<\/li>\n<\/ul>\n","protected":false},"excerpt":{"rendered":"<p>A\u00a0Polka vir\u00e1gl\u00e1da kiv\u00e1l\u00f3 min\u0151s\u00e9g\u0171 polipropil\u00e9n anyagb\u00f3l k\u00e9sz\u00fcl, amely tart\u00f3ss\u00e1got \u00e9s eszt\u00e9tikus megjelen\u00e9st biztos\u00edt, t\u00f6bbf\u00e9le m\u00e9retben \u00e9s sz\u00ednben el\u00e9rhet\u0151, \u00edgy ide\u00e1lis v\u00e1laszt\u00e1s temetkez\u00e9si, kert\u00e9szeti \u00e9s dekor\u00e1ci\u00f3s c\u00e9lokra, mivel k\u00f6nny\u0171 \u00e9s praktikus kialak\u00edt\u00e1sa lehet\u0151v\u00e9 teszi az egyszer\u0171 elhelyez\u00e9st \u00e9s haszn\u00e1latot. Forgalmazott term\u00e9k Anyag: Polipropil\u00e9n<\/p>\n","protected":false},"featured_media":1846,"comment_status":"closed","ping_status":"closed","template":"","meta":[],"product_cat":[23],"product_tag":[],"class_list":{"0":"post-1834","1":"product","2":"type-product","3":"status-publish","4":"has-post-thumbnail","6":"product_cat-egyeb","8":"first","9":"instock","10":"shipping-taxable","11":"product-type-variable","12":"has-default-attributes"},"jetpack_sharing_enabled":true,"_links":{"self":[{"href":"https:\/\/www.juhaszestarsa.hu\/index.php?rest_route=\/wp\/v2\/product\/1834","targetHints":{"allow":["GET"]}}],"collection":[{"href":"https:\/\/www.juhaszestarsa.hu\/index.php?rest_route=\/wp\/v2\/product"}],"about":[{"href":"https:\/\/www.juhaszestarsa.hu\/index.php?rest_route=\/wp\/v2\/types\/product"}],"replies":[{"embeddable":true,"href":"https:\/\/www.juhaszestarsa.hu\/index.php?rest_route=%2Fwp%2Fv2%2Fcomments&post=1834"}],"version-history":[{"count":1,"href":"https:\/\/www.juhaszestarsa.hu\/index.php?rest_route=\/wp\/v2\/product\/1834\/revisions"}],"predecessor-version":[{"id":1853,"href":"https:\/\/www.juhaszestarsa.hu\/index.php?rest_route=\/wp\/v2\/product\/1834\/revisions\/1853"}],"wp:featuredmedia":[{"embeddable":true,"href":"https:\/\/www.juhaszestarsa.hu\/index.php?rest_route=\/wp\/v2\/media\/1846"}],"wp:attachment":[{"href":"https:\/\/www.juhaszestarsa.hu\/index.php?rest_route=%2Fwp%2Fv2%2Fmedia&parent=1834"}],"wp:term":[{"taxonomy":"product_cat","embeddable":true,"href":"https:\/\/www.juhaszestarsa.hu\/index.php?rest_route=%2Fwp%2Fv2%2Fproduct_cat&post=1834"},{"taxonomy":"product_tag","embeddable":true,"href":"https:\/\/www.juhaszestarsa.hu\/index.php?rest_route=%2Fwp%2Fv2%2Fproduct_tag&post=1834"}],"curies":[{"name":"wp","href":"https:\/\/api.w.org\/{rel}","templated":true}]}}